{"id":2673,"date":"2024-03-26T02:14:20","date_gmt":"2024-03-26T02:14:20","guid":{"rendered":"https:\/\/mmcorpo.com\/sitio\/?post_type=product&#038;p=2673"},"modified":"2024-10-25T03:21:49","modified_gmt":"2024-10-25T03:21:49","slug":"acumulador-premium-titan-tgc-145-6v","status":"publish","type":"product","link":"https:\/\/mmcorpo.com\/sitio\/producto\/acumulador-premium-titan-tgc-145-6v\/","title":{"rendered":"Acumulador Premium TITAN TGC-145-6V"},"content":{"rendered":"<p><strong>Acumuladores de Ciclado Profundo Deep Cycle Technology<\/strong><\/p>\n<p><strong>TITAN TOTAL POWER<\/strong>, es nuestra l\u00ednea de bater\u00edas de Ciclado Profundo (Deep Cycle Technology DCT*) de \u00f3ptimo rendimiento dise\u00f1adas para el mayor desempe\u00f1o, elaboradas con los materiales de la m\u00e1s alta calidad de exportaci\u00f3n y nuestra tecnolog\u00eda exclusiva DCT, adem\u00e1s de ser de la m\u00e1s alta calidad, son reciclables y cuentan con los precios m\u00e1s competitivos del mercado.<\/p>\n<p>Nuestra bateria \/ acumulador TITAN TGC-145-6V\u00a0 de calidad Premium, con una calidad superior a las exigencias de los autos, flotillas y otros usos. Con un rendimiento excepcional y una larga duraci\u00f3n. Maximizando el desempe\u00f1o.<\/p>\n<p>Los acumuladores<strong> <b>TITAN TOTAL POWER<\/b><\/strong>\u00a0se distribuyen en la Rep\u00fablica Mexicana bajo la supervisi\u00f3n de distribuidores autorizados, para informaci\u00f3n referente a su utilizaci\u00f3n y cuidados consulte con ellos o bien cont\u00e1ctenos.<\/p>\n","protected":false},"excerpt":{"rendered":"<p><strong>CARACTERISTICAS GENERALES<\/strong><\/p>\n<p><strong>Bater\u00edas de Ciclado Profundo (Deep Cycle Technology):<\/strong><\/p>\n<p>Los acumuladores Titan Total Power con tecnolog\u00eda Deep Cycle (ciclado profundo) para las aplicaciones m\u00e1s especializadas, soportan el mayor n\u00famero de descargas y recargas sin nunca afectar o disminuir el rendimiento. Esta l\u00ednea de acumuladores especializados son ideales para uso de equipos industriales, equipos de energ\u00eda solar (sistemas fotovoltaicos y bancos de respaldo), equipos de navegaci\u00f3n, carritos de golf, barredoras industriales entre otras aplicaciones.<\/p>\n<p>Recomendaciones sobre uso y mantenimiento<\/p>\n<ol>\n<li>Recargue la bater\u00eda al t\u00e9rmino de la jornada. No la guarde descargada.<\/li>\n<li>Antes de recargar la bater\u00eda, aseg\u00farese que el nivel del electrolito es el correcto. Si necesita agregar agua, procure que esta sea totalmente libre de minerales. Aun as\u00ed, es preferible agregarle agua potable a no agregarle.<\/li>\n<li>Mantenga la bater\u00eda limpia y libre de humedad.<\/li>\n<li>Limpie las terminales de la bater\u00eda, cables y accesorios.<\/li>\n<\/ol>\n","protected":false},"featured_media":2674,"comment_status":"open","ping_status":"closed","template":"","meta":[],"class_list":["post-2673","product","type-product","status-publish","has-post-thumbnail","hentry","product_cat-baterias","product_tag-tgc-145-6v"],"yoast_head":"<!-- This site is optimized with the Yoast SEO plugin v19.9 - https:\/\/yoast.com\/wordpress\/plugins\/seo\/ -->\n<title>- MMCorpo Acumulador Premium TITAN TGC-145-6V<\/title>\n<meta name=\"description\" content=\"Es nuestra bater\u00eda\/acumulador de calidad Premium, con una calidad superior a las exigencias de los autos y flotillas m\u00e1s modernas. Con un rendimiento excepcional y una larga duraci\u00f3n. Maximizando el desempe\u00f1o de su veh\u00edculo.Los acumuladores Evermax se distribuyen en la Rep\u00fablica Mexicana bajo la supervisi\u00f3n de distribuidores autorizados, para informaci\u00f3n referente a su utilizaci\u00f3n y cuidados consulte con ellos o bien cont\u00e1ctenos.\" \/>\n<meta name=\"robots\" content=\"index, follow, max-snippet:-1, max-image-preview:large, max-video-preview:-1\" \/>\n<link rel=\"canonical\" href=\"https:\/\/mmcorpo.com\/sitio\/producto\/acumulador-premium-titan-tgc-145-6v\/\" \/>\n<meta property=\"og:locale\" content=\"es_MX\" \/>\n<meta property=\"og:type\" content=\"article\" \/>\n<meta property=\"og:title\" content=\"- MMCorpo Acumulador Premium TITAN TGC-145-6V\" \/>\n<meta property=\"og:description\" content=\"Es nuestra bater\u00eda\/acumulador de calidad Premium, con una calidad superior a las exigencias de los autos y flotillas m\u00e1s modernas. Con un rendimiento excepcional y una larga duraci\u00f3n. Maximizando el desempe\u00f1o de su veh\u00edculo.Los acumuladores Evermax se distribuyen en la Rep\u00fablica Mexicana bajo la supervisi\u00f3n de distribuidores autorizados, para informaci\u00f3n referente a su utilizaci\u00f3n y cuidados consulte con ellos o bien cont\u00e1ctenos.\" \/>\n<meta property=\"og:url\" content=\"https:\/\/mmcorpo.com\/sitio\/producto\/acumulador-premium-titan-tgc-145-6v\/\" \/>\n<meta property=\"og:site_name\" content=\"MMCorpo\" \/>\n<meta property=\"article:publisher\" content=\"https:\/\/www.facebook.com\/MMCorpo\/?fref=ts\" \/>\n<meta property=\"article:modified_time\" content=\"2024-10-25T03:21:49+00:00\" \/>\n<meta property=\"og:image\" content=\"https:\/\/mmcorpo.com\/sitio\/wp-content\/uploads\/2024\/03\/TGC-145-6V.png\" \/>\n\t<meta property=\"og:image:width\" content=\"1031\" \/>\n\t<meta property=\"og:image:height\" content=\"957\" \/>\n\t<meta property=\"og:image:type\" content=\"image\/png\" \/>\n<meta name=\"twitter:card\" content=\"summary_large_image\" \/>\n<meta name=\"twitter:label1\" content=\"Tiempo de lectura\" \/>\n\t<meta name=\"twitter:data1\" content=\"1 minuto\" \/>\n<script type=\"application\/ld+json\" class=\"yoast-schema-graph\">{\"@context\":\"https:\/\/schema.org\",\"@graph\":[{\"@type\":\"WebPage\",\"@id\":\"https:\/\/mmcorpo.com\/sitio\/producto\/acumulador-premium-titan-tgc-145-6v\/\",\"url\":\"https:\/\/mmcorpo.com\/sitio\/producto\/acumulador-premium-titan-tgc-145-6v\/\",\"name\":\"- MMCorpo Acumulador Premium TITAN TGC-145-6V\",\"isPartOf\":{\"@id\":\"https:\/\/mmcorpo.com\/sitio\/#website\"},\"datePublished\":\"2024-03-26T02:14:20+00:00\",\"dateModified\":\"2024-10-25T03:21:49+00:00\",\"description\":\"Es nuestra bater\u00eda\/acumulador de calidad Premium, con una calidad superior a las exigencias de los autos y flotillas m\u00e1s modernas. Con un rendimiento excepcional y una larga duraci\u00f3n. Maximizando el desempe\u00f1o de su veh\u00edculo.Los acumuladores Evermax se distribuyen en la Rep\u00fablica Mexicana bajo la supervisi\u00f3n de distribuidores autorizados, para informaci\u00f3n referente a su utilizaci\u00f3n y cuidados consulte con ellos o bien cont\u00e1ctenos.\",\"breadcrumb\":{\"@id\":\"https:\/\/mmcorpo.com\/sitio\/producto\/acumulador-premium-titan-tgc-145-6v\/#breadcrumb\"},\"inLanguage\":\"es\",\"potentialAction\":[{\"@type\":\"ReadAction\",\"target\":[\"https:\/\/mmcorpo.com\/sitio\/producto\/acumulador-premium-titan-tgc-145-6v\/\"]}]},{\"@type\":\"BreadcrumbList\",\"@id\":\"https:\/\/mmcorpo.com\/sitio\/producto\/acumulador-premium-titan-tgc-145-6v\/#breadcrumb\",\"itemListElement\":[{\"@type\":\"ListItem\",\"position\":1,\"name\":\"Inicio\",\"item\":\"https:\/\/mmcorpo.com\/sitio\/\"},{\"@type\":\"ListItem\",\"position\":2,\"name\":\"Tienda\",\"item\":\"https:\/\/mmcorpo.com\/sitio\/shop\/\"},{\"@type\":\"ListItem\",\"position\":3,\"name\":\"Acumulador Premium TITAN TGC-145-6V\"}]},{\"@type\":\"WebSite\",\"@id\":\"https:\/\/mmcorpo.com\/sitio\/#website\",\"url\":\"https:\/\/mmcorpo.com\/sitio\/\",\"name\":\"MMCorpo\",\"description\":\"El poder que te mueve\",\"publisher\":{\"@id\":\"https:\/\/mmcorpo.com\/sitio\/#organization\"},\"potentialAction\":[{\"@type\":\"SearchAction\",\"target\":{\"@type\":\"EntryPoint\",\"urlTemplate\":\"https:\/\/mmcorpo.com\/sitio\/?s={search_term_string}\"},\"query-input\":\"required name=search_term_string\"}],\"inLanguage\":\"es\"},{\"@type\":\"Organization\",\"@id\":\"https:\/\/mmcorpo.com\/sitio\/#organization\",\"name\":\"MMCorpo\",\"url\":\"https:\/\/mmcorpo.com\/sitio\/\",\"logo\":{\"@type\":\"ImageObject\",\"inLanguage\":\"es\",\"@id\":\"https:\/\/mmcorpo.com\/sitio\/#\/schema\/logo\/image\/\",\"url\":\"https:\/\/mmcorpo.com\/sitio\/wp-content\/uploads\/2022\/10\/favicon.png\",\"contentUrl\":\"https:\/\/mmcorpo.com\/sitio\/wp-content\/uploads\/2022\/10\/favicon.png\",\"width\":312,\"height\":312,\"caption\":\"MMCorpo\"},\"image\":{\"@id\":\"https:\/\/mmcorpo.com\/sitio\/#\/schema\/logo\/image\/\"},\"sameAs\":[\"https:\/\/www.instagram.com\/mm.corporativo\/\",\"https:\/\/www.facebook.com\/MMCorpo\/?fref=ts\"]}]}<\/script>\n<!-- \/ Yoast SEO plugin. -->","yoast_head_json":{"title":"- MMCorpo Acumulador Premium TITAN TGC-145-6V","description":"Es nuestra bater\u00eda\/acumulador de calidad Premium, con una calidad superior a las exigencias de los autos y flotillas m\u00e1s modernas. Con un rendimiento excepcional y una larga duraci\u00f3n. Maximizando el desempe\u00f1o de su veh\u00edculo.Los acumuladores Evermax se distribuyen en la Rep\u00fablica Mexicana bajo la supervisi\u00f3n de distribuidores autorizados, para informaci\u00f3n referente a su utilizaci\u00f3n y cuidados consulte con ellos o bien cont\u00e1ctenos.","robots":{"index":"index","follow":"follow","max-snippet":"max-snippet:-1","max-image-preview":"max-image-preview:large","max-video-preview":"max-video-preview:-1"},"canonical":"https:\/\/mmcorpo.com\/sitio\/producto\/acumulador-premium-titan-tgc-145-6v\/","og_locale":"es_MX","og_type":"article","og_title":"- MMCorpo Acumulador Premium TITAN TGC-145-6V","og_description":"Es nuestra bater\u00eda\/acumulador de calidad Premium, con una calidad superior a las exigencias de los autos y flotillas m\u00e1s modernas. Con un rendimiento excepcional y una larga duraci\u00f3n. Maximizando el desempe\u00f1o de su veh\u00edculo.Los acumuladores Evermax se distribuyen en la Rep\u00fablica Mexicana bajo la supervisi\u00f3n de distribuidores autorizados, para informaci\u00f3n referente a su utilizaci\u00f3n y cuidados consulte con ellos o bien cont\u00e1ctenos.","og_url":"https:\/\/mmcorpo.com\/sitio\/producto\/acumulador-premium-titan-tgc-145-6v\/","og_site_name":"MMCorpo","article_publisher":"https:\/\/www.facebook.com\/MMCorpo\/?fref=ts","article_modified_time":"2024-10-25T03:21:49+00:00","og_image":[{"width":1031,"height":957,"url":"https:\/\/mmcorpo.com\/sitio\/wp-content\/uploads\/2024\/03\/TGC-145-6V.png","type":"image\/png"}],"twitter_card":"summary_large_image","twitter_misc":{"Tiempo de lectura":"1 minuto"},"schema":{"@context":"https:\/\/schema.org","@graph":[{"@type":"WebPage","@id":"https:\/\/mmcorpo.com\/sitio\/producto\/acumulador-premium-titan-tgc-145-6v\/","url":"https:\/\/mmcorpo.com\/sitio\/producto\/acumulador-premium-titan-tgc-145-6v\/","name":"- MMCorpo Acumulador Premium TITAN TGC-145-6V","isPartOf":{"@id":"https:\/\/mmcorpo.com\/sitio\/#website"},"datePublished":"2024-03-26T02:14:20+00:00","dateModified":"2024-10-25T03:21:49+00:00","description":"Es nuestra bater\u00eda\/acumulador de calidad Premium, con una calidad superior a las exigencias de los autos y flotillas m\u00e1s modernas. Con un rendimiento excepcional y una larga duraci\u00f3n. Maximizando el desempe\u00f1o de su veh\u00edculo.Los acumuladores Evermax se distribuyen en la Rep\u00fablica Mexicana bajo la supervisi\u00f3n de distribuidores autorizados, para informaci\u00f3n referente a su utilizaci\u00f3n y cuidados consulte con ellos o bien cont\u00e1ctenos.","breadcrumb":{"@id":"https:\/\/mmcorpo.com\/sitio\/producto\/acumulador-premium-titan-tgc-145-6v\/#breadcrumb"},"inLanguage":"es","potentialAction":[{"@type":"ReadAction","target":["https:\/\/mmcorpo.com\/sitio\/producto\/acumulador-premium-titan-tgc-145-6v\/"]}]},{"@type":"BreadcrumbList","@id":"https:\/\/mmcorpo.com\/sitio\/producto\/acumulador-premium-titan-tgc-145-6v\/#breadcrumb","itemListElement":[{"@type":"ListItem","position":1,"name":"Inicio","item":"https:\/\/mmcorpo.com\/sitio\/"},{"@type":"ListItem","position":2,"name":"Tienda","item":"https:\/\/mmcorpo.com\/sitio\/shop\/"},{"@type":"ListItem","position":3,"name":"Acumulador Premium TITAN TGC-145-6V"}]},{"@type":"WebSite","@id":"https:\/\/mmcorpo.com\/sitio\/#website","url":"https:\/\/mmcorpo.com\/sitio\/","name":"MMCorpo","description":"El poder que te mueve","publisher":{"@id":"https:\/\/mmcorpo.com\/sitio\/#organization"},"potentialAction":[{"@type":"SearchAction","target":{"@type":"EntryPoint","urlTemplate":"https:\/\/mmcorpo.com\/sitio\/?s={search_term_string}"},"query-input":"required name=search_term_string"}],"inLanguage":"es"},{"@type":"Organization","@id":"https:\/\/mmcorpo.com\/sitio\/#organization","name":"MMCorpo","url":"https:\/\/mmcorpo.com\/sitio\/","logo":{"@type":"ImageObject","inLanguage":"es","@id":"https:\/\/mmcorpo.com\/sitio\/#\/schema\/logo\/image\/","url":"https:\/\/mmcorpo.com\/sitio\/wp-content\/uploads\/2022\/10\/favicon.png","contentUrl":"https:\/\/mmcorpo.com\/sitio\/wp-content\/uploads\/2022\/10\/favicon.png","width":312,"height":312,"caption":"MMCorpo"},"image":{"@id":"https:\/\/mmcorpo.com\/sitio\/#\/schema\/logo\/image\/"},"sameAs":["https:\/\/www.instagram.com\/mm.corporativo\/","https:\/\/www.facebook.com\/MMCorpo\/?fref=ts"]}]}},"_links":{"self":[{"href":"https:\/\/mmcorpo.com\/sitio\/wp-json\/wp\/v2\/product\/2673","targetHints":{"allow":["GET"]}}],"collection":[{"href":"https:\/\/mmcorpo.com\/sitio\/wp-json\/wp\/v2\/product"}],"about":[{"href":"https:\/\/mmcorpo.com\/sitio\/wp-json\/wp\/v2\/types\/product"}],"replies":[{"embeddable":true,"href":"https:\/\/mmcorpo.com\/sitio\/wp-json\/wp\/v2\/comments?post=2673"}],"wp:featuredmedia":[{"embeddable":true,"href":"https:\/\/mmcorpo.com\/sitio\/wp-json\/wp\/v2\/media\/2674"}],"wp:attachment":[{"href":"https:\/\/mmcorpo.com\/sitio\/wp-json\/wp\/v2\/media?parent=2673"}],"curies":[{"name":"wp","href":"https:\/\/api.w.org\/{rel}","templated":true}]}}