{"id":1914,"date":"2023-11-04T01:45:35","date_gmt":"2023-11-04T01:45:35","guid":{"rendered":"https:\/\/mmcorpo.com\/sitio\/?post_type=product&#038;p=1914"},"modified":"2026-04-15T08:49:39","modified_gmt":"2026-04-15T08:49:39","slug":"acumulador-premium-evermax-m22f-350","status":"publish","type":"product","link":"https:\/\/mmcorpo.com\/sitio\/producto\/acumulador-premium-evermax-m22f-350\/","title":{"rendered":"Acumulador Premium EverMax M22F-350"},"content":{"rendered":"<p>Es nuestra bater\u00eda \/ acumulador M22F-350 de alto rendimiento dise\u00f1adas para el \u00f3ptimo arranque y desempe\u00f1o, elaboradas con los mejores materiales, cuentan con los precios m\u00e1s competitivos del mercado.<\/p>\n<p>Los acumuladores<strong> Evermax<\/strong>\u00a0se distribuyen en la Rep\u00fablica Mexicana bajo la supervisi\u00f3n de distribuidores autorizados, para informaci\u00f3n referente a su utilizaci\u00f3n y cuidados consulte con ellos o bien cont\u00e1ctenos.<\/p>\n","protected":false},"excerpt":{"rendered":"<p><strong>Bater\u00edas de arranque: <\/strong>Estas bater\u00edas (tambi\u00e9n llamadas SLI-Starting, Lighting, Ignition) se utilizan generalmente para el arranque y el funcionamiento de los motores de combusti\u00f3n interna. Por lo tanto, la principal caracter\u00edstica de estas bater\u00edas es precisamente la capacidad de proporcionar fuertes corrientes (varias decenas de amperios) por un tiempo relativamente corto (unos pocos segundos) durante el arranque de un motor de combusti\u00f3n. Este tipo de bater\u00eda se caracteriza por la presencia de un gran n\u00famero de electrodos m\u00e1s o menos sutiles, con el fin de maximizar la superficie en contacto entre el electrodo y el electrolito, para proporcionar corrientes el\u00e9ctricas muy intensas durante periodos cortos.<\/p>\n","protected":false},"featured_media":1915,"comment_status":"open","ping_status":"closed","template":"","meta":[],"class_list":["post-1914","product","type-product","status-publish","has-post-thumbnail","hentry","product_cat-baterias","product_tag-m22f-350"],"yoast_head":"<!-- This site is optimized with the Yoast SEO plugin v19.9 - https:\/\/yoast.com\/wordpress\/plugins\/seo\/ -->\n<title>- MMCorpo Acumulador Premium EverMax M22F-350<\/title>\n<meta name=\"description\" content=\"Es nuestra bater\u00eda\/acumulador de calidad Premium, con una calidad superior a las exigencias de los autos y flotillas m\u00e1s modernas. Con un rendimiento excepcional y una larga duraci\u00f3n. Maximizando el desempe\u00f1o de su veh\u00edculo.Los acumuladores Evermax se distribuyen en la Rep\u00fablica Mexicana bajo la supervisi\u00f3n de distribuidores autorizados, para informaci\u00f3n referente a su utilizaci\u00f3n y cuidados consulte con ellos o bien cont\u00e1ctenos.\" \/>\n<meta name=\"robots\" content=\"index, follow, max-snippet:-1, max-image-preview:large, max-video-preview:-1\" \/>\n<link rel=\"canonical\" href=\"https:\/\/mmcorpo.com\/sitio\/producto\/acumulador-premium-evermax-m22f-350\/\" \/>\n<meta property=\"og:locale\" content=\"es_MX\" \/>\n<meta property=\"og:type\" content=\"article\" \/>\n<meta property=\"og:title\" content=\"- MMCorpo Acumulador Premium EverMax M22F-350\" \/>\n<meta property=\"og:description\" content=\"Es nuestra bater\u00eda\/acumulador de calidad Premium, con una calidad superior a las exigencias de los autos y flotillas m\u00e1s modernas. Con un rendimiento excepcional y una larga duraci\u00f3n. Maximizando el desempe\u00f1o de su veh\u00edculo.Los acumuladores Evermax se distribuyen en la Rep\u00fablica Mexicana bajo la supervisi\u00f3n de distribuidores autorizados, para informaci\u00f3n referente a su utilizaci\u00f3n y cuidados consulte con ellos o bien cont\u00e1ctenos.\" \/>\n<meta property=\"og:url\" content=\"https:\/\/mmcorpo.com\/sitio\/producto\/acumulador-premium-evermax-m22f-350\/\" \/>\n<meta property=\"og:site_name\" content=\"MMCorpo\" \/>\n<meta property=\"article:publisher\" content=\"https:\/\/www.facebook.com\/MMCorpo\/?fref=ts\" \/>\n<meta property=\"article:modified_time\" content=\"2026-04-15T08:49:39+00:00\" \/>\n<meta property=\"og:image\" content=\"https:\/\/mmcorpo.com\/sitio\/wp-content\/uploads\/2023\/11\/M-22F-350_.png\" \/>\n\t<meta property=\"og:image:width\" content=\"1267\" \/>\n\t<meta property=\"og:image:height\" content=\"996\" \/>\n\t<meta property=\"og:image:type\" content=\"image\/png\" \/>\n<meta name=\"twitter:card\" content=\"summary_large_image\" \/>\n<meta name=\"twitter:label1\" content=\"Tiempo de lectura\" \/>\n\t<meta name=\"twitter:data1\" content=\"1 minuto\" \/>\n<script type=\"application\/ld+json\" class=\"yoast-schema-graph\">{\"@context\":\"https:\/\/schema.org\",\"@graph\":[{\"@type\":\"WebPage\",\"@id\":\"https:\/\/mmcorpo.com\/sitio\/producto\/acumulador-premium-evermax-m22f-350\/\",\"url\":\"https:\/\/mmcorpo.com\/sitio\/producto\/acumulador-premium-evermax-m22f-350\/\",\"name\":\"- MMCorpo Acumulador Premium EverMax M22F-350\",\"isPartOf\":{\"@id\":\"https:\/\/mmcorpo.com\/sitio\/#website\"},\"datePublished\":\"2023-11-04T01:45:35+00:00\",\"dateModified\":\"2026-04-15T08:49:39+00:00\",\"description\":\"Es nuestra bater\u00eda\/acumulador de calidad Premium, con una calidad superior a las exigencias de los autos y flotillas m\u00e1s modernas. Con un rendimiento excepcional y una larga duraci\u00f3n. Maximizando el desempe\u00f1o de su veh\u00edculo.Los acumuladores Evermax se distribuyen en la Rep\u00fablica Mexicana bajo la supervisi\u00f3n de distribuidores autorizados, para informaci\u00f3n referente a su utilizaci\u00f3n y cuidados consulte con ellos o bien cont\u00e1ctenos.\",\"breadcrumb\":{\"@id\":\"https:\/\/mmcorpo.com\/sitio\/producto\/acumulador-premium-evermax-m22f-350\/#breadcrumb\"},\"inLanguage\":\"es\",\"potentialAction\":[{\"@type\":\"ReadAction\",\"target\":[\"https:\/\/mmcorpo.com\/sitio\/producto\/acumulador-premium-evermax-m22f-350\/\"]}]},{\"@type\":\"BreadcrumbList\",\"@id\":\"https:\/\/mmcorpo.com\/sitio\/producto\/acumulador-premium-evermax-m22f-350\/#breadcrumb\",\"itemListElement\":[{\"@type\":\"ListItem\",\"position\":1,\"name\":\"Inicio\",\"item\":\"https:\/\/mmcorpo.com\/sitio\/\"},{\"@type\":\"ListItem\",\"position\":2,\"name\":\"Tienda\",\"item\":\"https:\/\/mmcorpo.com\/sitio\/shop\/\"},{\"@type\":\"ListItem\",\"position\":3,\"name\":\"Acumulador Premium EverMax M22F-350\"}]},{\"@type\":\"WebSite\",\"@id\":\"https:\/\/mmcorpo.com\/sitio\/#website\",\"url\":\"https:\/\/mmcorpo.com\/sitio\/\",\"name\":\"MMCorpo\",\"description\":\"El poder que te mueve\",\"publisher\":{\"@id\":\"https:\/\/mmcorpo.com\/sitio\/#organization\"},\"potentialAction\":[{\"@type\":\"SearchAction\",\"target\":{\"@type\":\"EntryPoint\",\"urlTemplate\":\"https:\/\/mmcorpo.com\/sitio\/?s={search_term_string}\"},\"query-input\":\"required name=search_term_string\"}],\"inLanguage\":\"es\"},{\"@type\":\"Organization\",\"@id\":\"https:\/\/mmcorpo.com\/sitio\/#organization\",\"name\":\"MMCorpo\",\"url\":\"https:\/\/mmcorpo.com\/sitio\/\",\"logo\":{\"@type\":\"ImageObject\",\"inLanguage\":\"es\",\"@id\":\"https:\/\/mmcorpo.com\/sitio\/#\/schema\/logo\/image\/\",\"url\":\"https:\/\/mmcorpo.com\/sitio\/wp-content\/uploads\/2022\/10\/favicon.png\",\"contentUrl\":\"https:\/\/mmcorpo.com\/sitio\/wp-content\/uploads\/2022\/10\/favicon.png\",\"width\":312,\"height\":312,\"caption\":\"MMCorpo\"},\"image\":{\"@id\":\"https:\/\/mmcorpo.com\/sitio\/#\/schema\/logo\/image\/\"},\"sameAs\":[\"https:\/\/www.instagram.com\/mm.corporativo\/\",\"https:\/\/www.facebook.com\/MMCorpo\/?fref=ts\"]}]}<\/script>\n<!-- \/ Yoast SEO plugin. -->","yoast_head_json":{"title":"- MMCorpo Acumulador Premium EverMax M22F-350","description":"Es nuestra bater\u00eda\/acumulador de calidad Premium, con una calidad superior a las exigencias de los autos y flotillas m\u00e1s modernas. Con un rendimiento excepcional y una larga duraci\u00f3n. Maximizando el desempe\u00f1o de su veh\u00edculo.Los acumuladores Evermax se distribuyen en la Rep\u00fablica Mexicana bajo la supervisi\u00f3n de distribuidores autorizados, para informaci\u00f3n referente a su utilizaci\u00f3n y cuidados consulte con ellos o bien cont\u00e1ctenos.","robots":{"index":"index","follow":"follow","max-snippet":"max-snippet:-1","max-image-preview":"max-image-preview:large","max-video-preview":"max-video-preview:-1"},"canonical":"https:\/\/mmcorpo.com\/sitio\/producto\/acumulador-premium-evermax-m22f-350\/","og_locale":"es_MX","og_type":"article","og_title":"- MMCorpo Acumulador Premium EverMax M22F-350","og_description":"Es nuestra bater\u00eda\/acumulador de calidad Premium, con una calidad superior a las exigencias de los autos y flotillas m\u00e1s modernas. Con un rendimiento excepcional y una larga duraci\u00f3n. Maximizando el desempe\u00f1o de su veh\u00edculo.Los acumuladores Evermax se distribuyen en la Rep\u00fablica Mexicana bajo la supervisi\u00f3n de distribuidores autorizados, para informaci\u00f3n referente a su utilizaci\u00f3n y cuidados consulte con ellos o bien cont\u00e1ctenos.","og_url":"https:\/\/mmcorpo.com\/sitio\/producto\/acumulador-premium-evermax-m22f-350\/","og_site_name":"MMCorpo","article_publisher":"https:\/\/www.facebook.com\/MMCorpo\/?fref=ts","article_modified_time":"2026-04-15T08:49:39+00:00","og_image":[{"width":1267,"height":996,"url":"https:\/\/mmcorpo.com\/sitio\/wp-content\/uploads\/2023\/11\/M-22F-350_.png","type":"image\/png"}],"twitter_card":"summary_large_image","twitter_misc":{"Tiempo de lectura":"1 minuto"},"schema":{"@context":"https:\/\/schema.org","@graph":[{"@type":"WebPage","@id":"https:\/\/mmcorpo.com\/sitio\/producto\/acumulador-premium-evermax-m22f-350\/","url":"https:\/\/mmcorpo.com\/sitio\/producto\/acumulador-premium-evermax-m22f-350\/","name":"- MMCorpo Acumulador Premium EverMax M22F-350","isPartOf":{"@id":"https:\/\/mmcorpo.com\/sitio\/#website"},"datePublished":"2023-11-04T01:45:35+00:00","dateModified":"2026-04-15T08:49:39+00:00","description":"Es nuestra bater\u00eda\/acumulador de calidad Premium, con una calidad superior a las exigencias de los autos y flotillas m\u00e1s modernas. Con un rendimiento excepcional y una larga duraci\u00f3n. Maximizando el desempe\u00f1o de su veh\u00edculo.Los acumuladores Evermax se distribuyen en la Rep\u00fablica Mexicana bajo la supervisi\u00f3n de distribuidores autorizados, para informaci\u00f3n referente a su utilizaci\u00f3n y cuidados consulte con ellos o bien cont\u00e1ctenos.","breadcrumb":{"@id":"https:\/\/mmcorpo.com\/sitio\/producto\/acumulador-premium-evermax-m22f-350\/#breadcrumb"},"inLanguage":"es","potentialAction":[{"@type":"ReadAction","target":["https:\/\/mmcorpo.com\/sitio\/producto\/acumulador-premium-evermax-m22f-350\/"]}]},{"@type":"BreadcrumbList","@id":"https:\/\/mmcorpo.com\/sitio\/producto\/acumulador-premium-evermax-m22f-350\/#breadcrumb","itemListElement":[{"@type":"ListItem","position":1,"name":"Inicio","item":"https:\/\/mmcorpo.com\/sitio\/"},{"@type":"ListItem","position":2,"name":"Tienda","item":"https:\/\/mmcorpo.com\/sitio\/shop\/"},{"@type":"ListItem","position":3,"name":"Acumulador Premium EverMax M22F-350"}]},{"@type":"WebSite","@id":"https:\/\/mmcorpo.com\/sitio\/#website","url":"https:\/\/mmcorpo.com\/sitio\/","name":"MMCorpo","description":"El poder que te mueve","publisher":{"@id":"https:\/\/mmcorpo.com\/sitio\/#organization"},"potentialAction":[{"@type":"SearchAction","target":{"@type":"EntryPoint","urlTemplate":"https:\/\/mmcorpo.com\/sitio\/?s={search_term_string}"},"query-input":"required name=search_term_string"}],"inLanguage":"es"},{"@type":"Organization","@id":"https:\/\/mmcorpo.com\/sitio\/#organization","name":"MMCorpo","url":"https:\/\/mmcorpo.com\/sitio\/","logo":{"@type":"ImageObject","inLanguage":"es","@id":"https:\/\/mmcorpo.com\/sitio\/#\/schema\/logo\/image\/","url":"https:\/\/mmcorpo.com\/sitio\/wp-content\/uploads\/2022\/10\/favicon.png","contentUrl":"https:\/\/mmcorpo.com\/sitio\/wp-content\/uploads\/2022\/10\/favicon.png","width":312,"height":312,"caption":"MMCorpo"},"image":{"@id":"https:\/\/mmcorpo.com\/sitio\/#\/schema\/logo\/image\/"},"sameAs":["https:\/\/www.instagram.com\/mm.corporativo\/","https:\/\/www.facebook.com\/MMCorpo\/?fref=ts"]}]}},"_links":{"self":[{"href":"https:\/\/mmcorpo.com\/sitio\/wp-json\/wp\/v2\/product\/1914","targetHints":{"allow":["GET"]}}],"collection":[{"href":"https:\/\/mmcorpo.com\/sitio\/wp-json\/wp\/v2\/product"}],"about":[{"href":"https:\/\/mmcorpo.com\/sitio\/wp-json\/wp\/v2\/types\/product"}],"replies":[{"embeddable":true,"href":"https:\/\/mmcorpo.com\/sitio\/wp-json\/wp\/v2\/comments?post=1914"}],"wp:featuredmedia":[{"embeddable":true,"href":"https:\/\/mmcorpo.com\/sitio\/wp-json\/wp\/v2\/media\/1915"}],"wp:attachment":[{"href":"https:\/\/mmcorpo.com\/sitio\/wp-json\/wp\/v2\/media?parent=1914"}],"curies":[{"name":"wp","href":"https:\/\/api.w.org\/{rel}","templated":true}]}}